{"id":709,"date":"2019-04-08T07:15:55","date_gmt":"2019-04-08T07:15:55","guid":{"rendered":"https:\/\/lordcros.c-themes.com\/demo1\/?page_id=5"},"modified":"2026-03-03T10:49:00","modified_gmt":"2026-03-03T10:49:00","slug":"home","status":"publish","type":"page","link":"https:\/\/alte-feuerwehr-harz.de\/","title":{"rendered":"Home"},"content":{"rendered":"<h1><img loading=\"lazy\" decoding=\"async\" class=\"size-medium wp-image-1069 aligncenter\" src=\"https:\/\/alte-feuerwehr-harz.de\/wp-content\/uploads\/2019\/09\/Alte_Feuerwehr_Harz-2-300x200.jpeg\" alt=\"\" width=\"300\" height=\"200\" srcset=\"https:\/\/alte-feuerwehr-harz.de\/wp-content\/uploads\/2019\/09\/Alte_Feuerwehr_Harz-2-300x200.jpeg 300w, https:\/\/alte-feuerwehr-harz.de\/wp-content\/uploads\/2019\/09\/Alte_Feuerwehr_Harz-2-768x512.jpeg 768w, https:\/\/alte-feuerwehr-harz.de\/wp-content\/uploads\/2019\/09\/Alte_Feuerwehr_Harz-2-1024x682.jpeg 1024w, https:\/\/alte-feuerwehr-harz.de\/wp-content\/uploads\/2019\/09\/Alte_Feuerwehr_Harz-2.jpeg 1600w\" sizes=\"auto, (max-width: 300px) 100vw, 300px\" \/><\/h1>\n<h3 style=\"text-align: center;\">Sehen Sie sich unser Haus unter diesem Link an :<\/h3>\n<p style=\"text-align: center;\"><a href=\"https:\/\/www.traum-ferienwohnungen.de\/274771.htm\"><strong>https:\/\/www.traum-ferienwohnungen.de\/274771.htm<\/strong><\/a><\/p>\n<h3 class=\"p1\" style=\"text-align: center; font-family: Helvetica; font-size: 20px;\"><img loading=\"lazy\" decoding=\"async\" class=\"alignnone size-medium wp-image-1070\" src=\"https:\/\/alte-feuerwehr-harz.de\/wp-content\/uploads\/2019\/09\/Alte_Feuerwehr_Hof1-300x225.jpeg\" alt=\"\" width=\"300\" height=\"225\" srcset=\"https:\/\/alte-feuerwehr-harz.de\/wp-content\/uploads\/2019\/09\/Alte_Feuerwehr_Hof1-300x225.jpeg 300w, https:\/\/alte-feuerwehr-harz.de\/wp-content\/uploads\/2019\/09\/Alte_Feuerwehr_Hof1-768x576.jpeg 768w, https:\/\/alte-feuerwehr-harz.de\/wp-content\/uploads\/2019\/09\/Alte_Feuerwehr_Hof1-1024x768.jpeg 1024w, https:\/\/alte-feuerwehr-harz.de\/wp-content\/uploads\/2019\/09\/Alte_Feuerwehr_Hof1-120x90.jpeg 120w, https:\/\/alte-feuerwehr-harz.de\/wp-content\/uploads\/2019\/09\/Alte_Feuerwehr_Hof1.jpeg 1600w\" sizes=\"auto, (max-width: 300px) 100vw, 300px\" \/><\/h3>\n<h3 class=\"p1\" style=\"text-align: center; font-family: Helvetica; font-size: 20px;\">Sie suchen eine einmalige Unterkunft f\u00fcr Ihren Urlaub im Harz?<br \/>\nWir begr\u00fc\u00dfen Sie gern in unserem unvergleichlichen Ferienhaus.<\/h3>\n<h1 style=\"text-align: center; color: #606060; font-family: Helvetica; font-size: 15px;\">Herzlich Willkommen in der Alten Feuerwehr Harz!<br \/>\nSie haben Lust frische Waldluft zu schnuppern, auf mystische Entdeckungsreise zu gehen und spannende Sehensw\u00fcrdigkeiten zu erleben?<br \/>\nHerzlich Willkommen in der Bl\u00fctenstadt 38889 Blankenburg am Fu\u00dfe des Harzes!<br \/>\nIm Herzen der Altstadt, am Fu\u00dfe des Schlosses, gelegen, l\u00e4dt die altehrw\u00fcrdige, ehemalige Feuerwache, liebevoll restauriert mit seinem einmaligen Ambiente, zum Entdecken ein. Treten Sie ein, um die einzigartige Liebe zu jedem Detail, die seltene Passion f\u00fcr historische, nachhaltige Materialien und Oberfl\u00e4chen, die eigens gestaltete M\u00f6blierung und die pfiffig kreierten Grundrisse zu erleben. Das Staunen eines jeden Menschen, der dieses Haus zum ersten Mal betritt, zeigt: so etwas haben Sie garantiert noch nie gesehen.<br \/>\nNutzen Sie Blankenburg als perfekten Ausgangspunkt, um die magische Gebirgswelt des Harzes zu erkunden und den Alltag hinter sich zu lassen.<br \/>\nWir freuen uns auf Sie!<\/h1>\n<p style=\"color: #b1b1b1; margin-bottom: 0;\"><strong>Adresse:<\/strong>\u00a0 Harzstra\u00dfe 3b, 38889 Blankenburg (Harz)<\/p>\n<p style=\"color: #b1b1b1; margin-bottom: 0;\"><strong>Mail:<\/strong> urlaub@alte-feuerwehr-harz.de<\/p>\n","protected":false},"excerpt":{"rendered":"<p>Sehen Sie sich unser Haus unter diesem Link an : https:\/\/www.traum-ferienwohnungen.de\/274771.htm Sie suchen eine einmalige Unterkunft f\u00fcr Ihren Urlaub im Harz? Wir begr\u00fc\u00dfen Sie gern in unserem unvergleichlichen Ferienhaus. Herzlich Willkommen in der Alten Feuerwehr Harz! Sie haben Lust frische Waldluft zu schnuppern, auf mystische Entdeckungsreise zu gehen und spannende Sehensw\u00fcrdigkeiten zu erleben? Herzlich Willkommen&hellip; <br \/> <a class=\"read-more\" href=\"https:\/\/alte-feuerwehr-harz.de\/\">Weiterlesen<\/a><\/p>\n","protected":false},"author":1,"featured_media":0,"parent":0,"menu_order":0,"comment_status":"closed","ping_status":"closed","template":"","meta":{"footnotes":""},"class_list":["post-709","page","type-page","status-publish","hentry"],"_links":{"self":[{"href":"https:\/\/alte-feuerwehr-harz.de\/index.php?rest_route=\/wp\/v2\/pages\/709","targetHints":{"allow":["GET"]}}],"collection":[{"href":"https:\/\/alte-feuerwehr-harz.de\/index.php?rest_route=\/wp\/v2\/pages"}],"about":[{"href":"https:\/\/alte-feuerwehr-harz.de\/index.php?rest_route=\/wp\/v2\/types\/page"}],"author":[{"embeddable":true,"href":"https:\/\/alte-feuerwehr-harz.de\/index.php?rest_route=\/wp\/v2\/users\/1"}],"replies":[{"embeddable":true,"href":"https:\/\/alte-feuerwehr-harz.de\/index.php?rest_route=%2Fwp%2Fv2%2Fcomments&post=709"}],"version-history":[{"count":10,"href":"https:\/\/alte-feuerwehr-harz.de\/index.php?rest_route=\/wp\/v2\/pages\/709\/revisions"}],"predecessor-version":[{"id":1176,"href":"https:\/\/alte-feuerwehr-harz.de\/index.php?rest_route=\/wp\/v2\/pages\/709\/revisions\/1176"}],"wp:attachment":[{"href":"https:\/\/alte-feuerwehr-harz.de\/index.php?rest_route=%2Fwp%2Fv2%2Fmedia&parent=709"}],"curies":[{"name":"wp","href":"https:\/\/api.w.org\/{rel}","templated":true}]}}